{"id":1124,"date":"2021-12-11T08:23:57","date_gmt":"2021-12-11T08:23:57","guid":{"rendered":"https:\/\/euscont.com\/blog\/?page_id=1124"},"modified":"2021-12-11T08:25:56","modified_gmt":"2021-12-11T08:25:56","slug":"suscripcion","status":"publish","type":"page","link":"https:\/\/euscont.com\/blog\/suscripcion\/","title":{"rendered":"SUSCR\u00cdBETE AL BOLET\u00cdN!"},"content":{"rendered":"<p>Suscr\u00edbete para estar al tanto de la informaci\u00f3n que se comparte. Adem\u00e1s, recibir\u00e1s material exclusivo.<\/p>\n<p>[wpforms id=\u00bb1167&#8243;]<\/p>\n","protected":false},"excerpt":{"rendered":"<p>Suscr\u00edbete para estar al tanto de la informaci\u00f3n que se comparte. Adem\u00e1s, recibir\u00e1s material exclusivo. [wpforms id=\u00bb1167&#8243;]<\/p>\n","protected":false},"author":1,"featured_media":0,"parent":0,"menu_order":0,"comment_status":"closed","ping_status":"closed","template":"","meta":{"colormag_page_container_layout":"default_layout","colormag_page_sidebar_layout":"default_layout","footnotes":""},"class_list":["post-1124","page","type-page","status-publish","hentry"],"yoast_head":"<!-- This site is optimized with the Yoast SEO plugin v27.4 - https:\/\/yoast.com\/product\/yoast-seo-wordpress\/ -->\n<title>SUSCR\u00cdBETE AL BOLET\u00cdN! | EUSCONT<\/title>\n<meta name=\"robots\" content=\"index, follow, max-snippet:-1, max-image-preview:large, max-video-preview:-1\" \/>\n<link rel=\"canonical\" href=\"https:\/\/euscont.com\/blog\/suscripcion\/\" \/>\n<meta property=\"og:locale\" content=\"es_ES\" \/>\n<meta property=\"og:type\" content=\"article\" \/>\n<meta property=\"og:title\" content=\"SUSCR\u00cdBETE AL BOLET\u00cdN! | EUSCONT\" \/>\n<meta property=\"og:description\" content=\"Suscr\u00edbete para estar al tanto de la informaci\u00f3n que se comparte. Adem\u00e1s, recibir\u00e1s material exclusivo. [wpforms id=\u00bb1167&#8243;]\" \/>\n<meta property=\"og:url\" content=\"https:\/\/euscont.com\/blog\/suscripcion\/\" \/>\n<meta property=\"og:site_name\" content=\"EUSCONT\" \/>\n<meta property=\"article:modified_time\" content=\"2021-12-11T08:25:56+00:00\" \/>\n<meta name=\"twitter:card\" content=\"summary_large_image\" \/>\n<meta name=\"twitter:label1\" content=\"Tiempo de lectura\" \/>\n\t<meta name=\"twitter:data1\" content=\"1 minuto\" \/>\n<script type=\"application\/ld+json\" class=\"yoast-schema-graph\">{\"@context\":\"https:\\\/\\\/schema.org\",\"@graph\":[{\"@type\":\"WebPage\",\"@id\":\"https:\\\/\\\/euscont.com\\\/blog\\\/suscripcion\\\/\",\"url\":\"https:\\\/\\\/euscont.com\\\/blog\\\/suscripcion\\\/\",\"name\":\"SUSCR\u00cdBETE AL BOLET\u00cdN! | EUSCONT\",\"isPartOf\":{\"@id\":\"https:\\\/\\\/euscont.com\\\/blog\\\/#website\"},\"datePublished\":\"2021-12-11T08:23:57+00:00\",\"dateModified\":\"2021-12-11T08:25:56+00:00\",\"breadcrumb\":{\"@id\":\"https:\\\/\\\/euscont.com\\\/blog\\\/suscripcion\\\/#breadcrumb\"},\"inLanguage\":\"es\",\"potentialAction\":[{\"@type\":\"ReadAction\",\"target\":[\"https:\\\/\\\/euscont.com\\\/blog\\\/suscripcion\\\/\"]}]},{\"@type\":\"BreadcrumbList\",\"@id\":\"https:\\\/\\\/euscont.com\\\/blog\\\/suscripcion\\\/#breadcrumb\",\"itemListElement\":[{\"@type\":\"ListItem\",\"position\":1,\"name\":\"Portada\",\"item\":\"https:\\\/\\\/euscont.com\\\/blog\\\/\"},{\"@type\":\"ListItem\",\"position\":2,\"name\":\"SUSCR\u00cdBETE AL BOLET\u00cdN!\"}]},{\"@type\":\"WebSite\",\"@id\":\"https:\\\/\\\/euscont.com\\\/blog\\\/#website\",\"url\":\"https:\\\/\\\/euscont.com\\\/blog\\\/\",\"name\":\"EUSCONT\",\"description\":\"Blog Empresarial - Comprometidos con la peque\u00f1a y micro empresa\",\"publisher\":{\"@id\":\"https:\\\/\\\/euscont.com\\\/blog\\\/#organization\"},\"potentialAction\":[{\"@type\":\"SearchAction\",\"target\":{\"@type\":\"EntryPoint\",\"urlTemplate\":\"https:\\\/\\\/euscont.com\\\/blog\\\/?s={search_term_string}\"},\"query-input\":{\"@type\":\"PropertyValueSpecification\",\"valueRequired\":true,\"valueName\":\"search_term_string\"}}],\"inLanguage\":\"es\"},{\"@type\":\"Organization\",\"@id\":\"https:\\\/\\\/euscont.com\\\/blog\\\/#organization\",\"name\":\"Euscont - Blog Empresarial\",\"url\":\"https:\\\/\\\/euscont.com\\\/blog\\\/\",\"logo\":{\"@type\":\"ImageObject\",\"inLanguage\":\"es\",\"@id\":\"https:\\\/\\\/euscont.com\\\/blog\\\/#\\\/schema\\\/logo\\\/image\\\/\",\"url\":\"https:\\\/\\\/euscont.com\\\/blog\\\/wp-content\\\/uploads\\\/2021\\\/01\\\/LOGO-2021.jpg\",\"contentUrl\":\"https:\\\/\\\/euscont.com\\\/blog\\\/wp-content\\\/uploads\\\/2021\\\/01\\\/LOGO-2021.jpg\",\"width\":1000,\"height\":1000,\"caption\":\"Euscont - Blog Empresarial\"},\"image\":{\"@id\":\"https:\\\/\\\/euscont.com\\\/blog\\\/#\\\/schema\\\/logo\\\/image\\\/\"}}]}<\/script>\n<!-- \/ Yoast SEO plugin. -->","yoast_head_json":{"title":"SUSCR\u00cdBETE AL BOLET\u00cdN! | EUSCONT","robots":{"index":"index","follow":"follow","max-snippet":"max-snippet:-1","max-image-preview":"max-image-preview:large","max-video-preview":"max-video-preview:-1"},"canonical":"https:\/\/euscont.com\/blog\/suscripcion\/","og_locale":"es_ES","og_type":"article","og_title":"SUSCR\u00cdBETE AL BOLET\u00cdN! | EUSCONT","og_description":"Suscr\u00edbete para estar al tanto de la informaci\u00f3n que se comparte. Adem\u00e1s, recibir\u00e1s material exclusivo. [wpforms id=\u00bb1167&#8243;]","og_url":"https:\/\/euscont.com\/blog\/suscripcion\/","og_site_name":"EUSCONT","article_modified_time":"2021-12-11T08:25:56+00:00","twitter_card":"summary_large_image","twitter_misc":{"Tiempo de lectura":"1 minuto"},"schema":{"@context":"https:\/\/schema.org","@graph":[{"@type":"WebPage","@id":"https:\/\/euscont.com\/blog\/suscripcion\/","url":"https:\/\/euscont.com\/blog\/suscripcion\/","name":"SUSCR\u00cdBETE AL BOLET\u00cdN! | EUSCONT","isPartOf":{"@id":"https:\/\/euscont.com\/blog\/#website"},"datePublished":"2021-12-11T08:23:57+00:00","dateModified":"2021-12-11T08:25:56+00:00","breadcrumb":{"@id":"https:\/\/euscont.com\/blog\/suscripcion\/#breadcrumb"},"inLanguage":"es","potentialAction":[{"@type":"ReadAction","target":["https:\/\/euscont.com\/blog\/suscripcion\/"]}]},{"@type":"BreadcrumbList","@id":"https:\/\/euscont.com\/blog\/suscripcion\/#breadcrumb","itemListElement":[{"@type":"ListItem","position":1,"name":"Portada","item":"https:\/\/euscont.com\/blog\/"},{"@type":"ListItem","position":2,"name":"SUSCR\u00cdBETE AL BOLET\u00cdN!"}]},{"@type":"WebSite","@id":"https:\/\/euscont.com\/blog\/#website","url":"https:\/\/euscont.com\/blog\/","name":"EUSCONT","description":"Blog Empresarial - Comprometidos con la peque\u00f1a y micro empresa","publisher":{"@id":"https:\/\/euscont.com\/blog\/#organization"},"potentialAction":[{"@type":"SearchAction","target":{"@type":"EntryPoint","urlTemplate":"https:\/\/euscont.com\/blog\/?s={search_term_string}"},"query-input":{"@type":"PropertyValueSpecification","valueRequired":true,"valueName":"search_term_string"}}],"inLanguage":"es"},{"@type":"Organization","@id":"https:\/\/euscont.com\/blog\/#organization","name":"Euscont - Blog Empresarial","url":"https:\/\/euscont.com\/blog\/","logo":{"@type":"ImageObject","inLanguage":"es","@id":"https:\/\/euscont.com\/blog\/#\/schema\/logo\/image\/","url":"https:\/\/euscont.com\/blog\/wp-content\/uploads\/2021\/01\/LOGO-2021.jpg","contentUrl":"https:\/\/euscont.com\/blog\/wp-content\/uploads\/2021\/01\/LOGO-2021.jpg","width":1000,"height":1000,"caption":"Euscont - Blog Empresarial"},"image":{"@id":"https:\/\/euscont.com\/blog\/#\/schema\/logo\/image\/"}}]}},"_links":{"self":[{"href":"https:\/\/euscont.com\/blog\/wp-json\/wp\/v2\/pages\/1124","targetHints":{"allow":["GET"]}}],"collection":[{"href":"https:\/\/euscont.com\/blog\/wp-json\/wp\/v2\/pages"}],"about":[{"href":"https:\/\/euscont.com\/blog\/wp-json\/wp\/v2\/types\/page"}],"author":[{"embeddable":true,"href":"https:\/\/euscont.com\/blog\/wp-json\/wp\/v2\/users\/1"}],"replies":[{"embeddable":true,"href":"https:\/\/euscont.com\/blog\/wp-json\/wp\/v2\/comments?post=1124"}],"version-history":[{"count":3,"href":"https:\/\/euscont.com\/blog\/wp-json\/wp\/v2\/pages\/1124\/revisions"}],"predecessor-version":[{"id":1170,"href":"https:\/\/euscont.com\/blog\/wp-json\/wp\/v2\/pages\/1124\/revisions\/1170"}],"wp:attachment":[{"href":"https:\/\/euscont.com\/blog\/wp-json\/wp\/v2\/media?parent=1124"}],"curies":[{"name":"wp","href":"https:\/\/api.w.org\/{rel}","templated":true}]}}