{"id":285,"date":"2018-02-09T10:40:06","date_gmt":"2018-02-09T10:40:06","guid":{"rendered":"https:\/\/demo.themegrill.com\/colormag\/?page_id=285"},"modified":"2021-01-29T05:11:55","modified_gmt":"2021-01-29T05:11:55","slug":"contactanos","status":"publish","type":"page","link":"https:\/\/euscont.com\/blog\/contactanos\/","title":{"rendered":"Cont\u00e1ctanos"},"content":{"rendered":"<p>Clasificamos nuestros servicios enfocados a los empresarios emergentes de las micro y peque\u00f1as empresas, as\u00ed como los profesionales egresados que buscan capacitaci\u00f3n para una mejor competencia en el \u00e1mbito laboral.<br \/>\n<img decoding=\"async\" class=\"emoji\" role=\"img\" draggable=\"false\" src=\"https:\/\/s.w.org\/images\/core\/emoji\/13.0.1\/svg\/1f535.svg\" alt=\"\ud83d\udd35\" \/>\u00a0Asesor\u00eda de negocios<br \/>\n<img decoding=\"async\" class=\"emoji\" role=\"img\" draggable=\"false\" src=\"https:\/\/s.w.org\/images\/core\/emoji\/13.0.1\/svg\/1f7e1.svg\" alt=\"\ud83d\udfe1\" \/>\u00a0Servicios Corporativos<br \/>\n<img decoding=\"async\" class=\"emoji\" role=\"img\" draggable=\"false\" src=\"https:\/\/s.w.org\/images\/core\/emoji\/13.0.1\/svg\/1f7e2.svg\" alt=\"\ud83d\udfe2\" \/>\u00a0Servicios de actualizaci\u00f3n profesional<\/p>\n<div class=\"everest-forms\"><div class=\"evf-container default\" id=\"evf-5\"><form id=\"evf-form-5\" class=\"everest-form\" data-formid=\"5\" data-ajax_submission=\"0\" data-keyboard_friendly_form=\"0\" data-form_state_type=\"\" method=\"post\" enctype=\"multipart\/form-data\" action=\"\/blog\/wp-json\/wp\/v2\/pages\/285\"><div class=\"evf-field-container\"><input type=\"hidden\" id=\"_wpnonce5\" name=\"_wpnonce5\" value=\"294e04c7a5\" \/><input type=\"hidden\" name=\"_wp_http_referer\" value=\"\/blog\/wp-json\/wp\/v2\/pages\/285\" \/><div class=\"evf-frontend-row\" data-row=\"row_1\" conditional_rules=\"[]\"><div class=\"evf-frontend-grid evf-grid-1\" data-grid=\"grid_1\"><div id=\"evf-5-field_fullname-container\" class=\"evf-field evf-field-text form-row validate-required\" data-required-field-message=\"Este campo es obligatorio.\" data-field-id=\"fullname\"><label class=\"evf-field-label\" for=\"evf-5-field_fullname\"><span class=\"evf-label\">Nombres y Apellidos:<\/span> <abbr class=\"required\" title=\"Required\">*<\/abbr><\/label><input type=\"text\" id=\"evf-5-field_fullname\" class=\"input-text\" name=\"everest_forms[form_fields][fullname]\" required><\/div><div id=\"evf-5-field_email-container\" class=\"evf-field evf-field-email form-row validate-required validate-email\" data-required-field-message=\"Por favor, usa una direcci\u00f3n de correo electr\u00f3nico v\u00e1lida.\" data-field-id=\"email\"><label class=\"evf-field-label\" for=\"evf-5-field_email\"><span class=\"evf-label\">Correo el\u00e9ctronico<\/span> <abbr class=\"required\" title=\"Required\">*<\/abbr><\/label><input type=\"email\" id=\"evf-5-field_email\" class=\"input-text\" name=\"everest_forms[form_fields][email]\" required ><\/div><div id=\"evf-5-field_uEJSoM3bP9-2-container\" class=\"evf-field evf-field-text form-row\" data-field-id=\"uEJSoM3bP9-2\"><label class=\"evf-field-label\" for=\"evf-5-field_uEJSoM3bP9-2\"><span class=\"evf-label\">Asunto<\/span> <\/label><input type=\"text\" id=\"evf-5-field_uEJSoM3bP9-2\" class=\"input-text\" name=\"everest_forms[form_fields][uEJSoM3bP9-2]\" ><\/div><div id=\"evf-5-field_message-container\" class=\"evf-field evf-field-textarea form-row\" data-field-id=\"message\"><label class=\"evf-field-label\" for=\"evf-5-field_message\"><span class=\"evf-label\">Comentario o consulta:<\/span> <\/label><textarea id=\"evf-5-field_message\" class=\"input-text\" name=\"everest_forms[form_fields][message]\"  ><\/textarea><\/div><\/div><\/div><\/div><div class=\"evf-honeypot-container evf-field-hp\"><label for=\"evf-5-field-hp\" class=\"evf-field-label\">Website<\/label><input type=\"text\" name=\"everest_forms[hp]\" id=\"evf-5-field-hp\" class=\"input-text\"><\/div><div class=\"evf-submit-container \" ><input type=\"hidden\" name=\"everest_forms[id]\" value=\"5\"><input type=\"hidden\" name=\"everest_forms[author]\" value=\"1\"><button type='submit' name='everest_forms[submit]' class='everest-forms-submit-button button evf-submit ' id='evf-submit-5' value='evf-submit' data-process-text=\"Procesando...\" conditional_rules='&quot;&quot;' conditional_id='evf-submit-5'  id=\"evf-submit-5\" aria-live=\"assertive\">Enviar<\/button><\/div><\/form><\/div><!-- .evf-container --><\/div>\n<p>&nbsp;<\/p>\n","protected":false},"excerpt":{"rendered":"<p>Clasificamos nuestros servicios enfocados a los empresarios emergentes de las micro y peque\u00f1as empresas, as\u00ed como los profesionales egresados que<\/p>\n","protected":false},"author":1,"featured_media":0,"parent":0,"menu_order":0,"comment_status":"closed","ping_status":"closed","template":"page-templates\/contact.php","meta":{"colormag_page_container_layout":"default_layout","colormag_page_sidebar_layout":"default_layout","footnotes":""},"class_list":["post-285","page","type-page","status-publish","hentry"],"yoast_head":"<!-- This site is optimized with the Yoast SEO plugin v27.4 - https:\/\/yoast.com\/product\/yoast-seo-wordpress\/ -->\n<title>Cont\u00e1ctanos | EUSCONT<\/title>\n<meta name=\"robots\" content=\"noindex, nofollow\" \/>\n<meta property=\"og:locale\" content=\"es_ES\" \/>\n<meta property=\"og:type\" content=\"article\" \/>\n<meta property=\"og:title\" content=\"Cont\u00e1ctanos | EUSCONT\" \/>\n<meta property=\"og:description\" content=\"Clasificamos nuestros servicios enfocados a los empresarios emergentes de las micro y peque\u00f1as empresas, as\u00ed como los profesionales egresados que\" \/>\n<meta property=\"og:url\" content=\"https:\/\/euscont.com\/blog\/contactanos\/\" \/>\n<meta property=\"og:site_name\" content=\"EUSCONT\" \/>\n<meta property=\"article:modified_time\" content=\"2021-01-29T05:11:55+00:00\" \/>\n<meta property=\"og:image\" content=\"https:\/\/s.w.org\/images\/core\/emoji\/13.0.1\/svg\/1f535.svg\" \/>\n<meta name=\"twitter:card\" content=\"summary_large_image\" \/>\n<meta name=\"twitter:label1\" content=\"Tiempo de lectura\" \/>\n\t<meta name=\"twitter:data1\" content=\"1 minuto\" \/>\n<script type=\"application\/ld+json\" class=\"yoast-schema-graph\">{\"@context\":\"https:\\\/\\\/schema.org\",\"@graph\":[{\"@type\":\"WebPage\",\"@id\":\"https:\\\/\\\/euscont.com\\\/blog\\\/contactanos\\\/\",\"url\":\"https:\\\/\\\/euscont.com\\\/blog\\\/contactanos\\\/\",\"name\":\"Cont\u00e1ctanos | EUSCONT\",\"isPartOf\":{\"@id\":\"https:\\\/\\\/euscont.com\\\/blog\\\/#website\"},\"primaryImageOfPage\":{\"@id\":\"https:\\\/\\\/euscont.com\\\/blog\\\/contactanos\\\/#primaryimage\"},\"image\":{\"@id\":\"https:\\\/\\\/euscont.com\\\/blog\\\/contactanos\\\/#primaryimage\"},\"thumbnailUrl\":\"https:\\\/\\\/s.w.org\\\/images\\\/core\\\/emoji\\\/13.0.1\\\/svg\\\/1f535.svg\",\"datePublished\":\"2018-02-09T10:40:06+00:00\",\"dateModified\":\"2021-01-29T05:11:55+00:00\",\"breadcrumb\":{\"@id\":\"https:\\\/\\\/euscont.com\\\/blog\\\/contactanos\\\/#breadcrumb\"},\"inLanguage\":\"es\",\"potentialAction\":[{\"@type\":\"ReadAction\",\"target\":[\"https:\\\/\\\/euscont.com\\\/blog\\\/contactanos\\\/\"]}]},{\"@type\":\"ImageObject\",\"inLanguage\":\"es\",\"@id\":\"https:\\\/\\\/euscont.com\\\/blog\\\/contactanos\\\/#primaryimage\",\"url\":\"https:\\\/\\\/s.w.org\\\/images\\\/core\\\/emoji\\\/13.0.1\\\/svg\\\/1f535.svg\",\"contentUrl\":\"https:\\\/\\\/s.w.org\\\/images\\\/core\\\/emoji\\\/13.0.1\\\/svg\\\/1f535.svg\"},{\"@type\":\"BreadcrumbList\",\"@id\":\"https:\\\/\\\/euscont.com\\\/blog\\\/contactanos\\\/#breadcrumb\",\"itemListElement\":[{\"@type\":\"ListItem\",\"position\":1,\"name\":\"Portada\",\"item\":\"https:\\\/\\\/euscont.com\\\/blog\\\/\"},{\"@type\":\"ListItem\",\"position\":2,\"name\":\"Cont\u00e1ctanos\"}]},{\"@type\":\"WebSite\",\"@id\":\"https:\\\/\\\/euscont.com\\\/blog\\\/#website\",\"url\":\"https:\\\/\\\/euscont.com\\\/blog\\\/\",\"name\":\"EUSCONT\",\"description\":\"Blog Empresarial - Comprometidos con la peque\u00f1a y micro empresa\",\"publisher\":{\"@id\":\"https:\\\/\\\/euscont.com\\\/blog\\\/#organization\"},\"potentialAction\":[{\"@type\":\"SearchAction\",\"target\":{\"@type\":\"EntryPoint\",\"urlTemplate\":\"https:\\\/\\\/euscont.com\\\/blog\\\/?s={search_term_string}\"},\"query-input\":{\"@type\":\"PropertyValueSpecification\",\"valueRequired\":true,\"valueName\":\"search_term_string\"}}],\"inLanguage\":\"es\"},{\"@type\":\"Organization\",\"@id\":\"https:\\\/\\\/euscont.com\\\/blog\\\/#organization\",\"name\":\"Euscont - Blog Empresarial\",\"url\":\"https:\\\/\\\/euscont.com\\\/blog\\\/\",\"logo\":{\"@type\":\"ImageObject\",\"inLanguage\":\"es\",\"@id\":\"https:\\\/\\\/euscont.com\\\/blog\\\/#\\\/schema\\\/logo\\\/image\\\/\",\"url\":\"https:\\\/\\\/euscont.com\\\/blog\\\/wp-content\\\/uploads\\\/2021\\\/01\\\/LOGO-2021.jpg\",\"contentUrl\":\"https:\\\/\\\/euscont.com\\\/blog\\\/wp-content\\\/uploads\\\/2021\\\/01\\\/LOGO-2021.jpg\",\"width\":1000,\"height\":1000,\"caption\":\"Euscont - Blog Empresarial\"},\"image\":{\"@id\":\"https:\\\/\\\/euscont.com\\\/blog\\\/#\\\/schema\\\/logo\\\/image\\\/\"}}]}<\/script>\n<!-- \/ Yoast SEO plugin. -->","yoast_head_json":{"title":"Cont\u00e1ctanos | EUSCONT","robots":{"index":"noindex","follow":"nofollow"},"og_locale":"es_ES","og_type":"article","og_title":"Cont\u00e1ctanos | EUSCONT","og_description":"Clasificamos nuestros servicios enfocados a los empresarios emergentes de las micro y peque\u00f1as empresas, as\u00ed como los profesionales egresados que","og_url":"https:\/\/euscont.com\/blog\/contactanos\/","og_site_name":"EUSCONT","article_modified_time":"2021-01-29T05:11:55+00:00","og_image":[{"url":"https:\/\/s.w.org\/images\/core\/emoji\/13.0.1\/svg\/1f535.svg","type":"","width":"","height":""}],"twitter_card":"summary_large_image","twitter_misc":{"Tiempo de lectura":"1 minuto"},"schema":{"@context":"https:\/\/schema.org","@graph":[{"@type":"WebPage","@id":"https:\/\/euscont.com\/blog\/contactanos\/","url":"https:\/\/euscont.com\/blog\/contactanos\/","name":"Cont\u00e1ctanos | EUSCONT","isPartOf":{"@id":"https:\/\/euscont.com\/blog\/#website"},"primaryImageOfPage":{"@id":"https:\/\/euscont.com\/blog\/contactanos\/#primaryimage"},"image":{"@id":"https:\/\/euscont.com\/blog\/contactanos\/#primaryimage"},"thumbnailUrl":"https:\/\/s.w.org\/images\/core\/emoji\/13.0.1\/svg\/1f535.svg","datePublished":"2018-02-09T10:40:06+00:00","dateModified":"2021-01-29T05:11:55+00:00","breadcrumb":{"@id":"https:\/\/euscont.com\/blog\/contactanos\/#breadcrumb"},"inLanguage":"es","potentialAction":[{"@type":"ReadAction","target":["https:\/\/euscont.com\/blog\/contactanos\/"]}]},{"@type":"ImageObject","inLanguage":"es","@id":"https:\/\/euscont.com\/blog\/contactanos\/#primaryimage","url":"https:\/\/s.w.org\/images\/core\/emoji\/13.0.1\/svg\/1f535.svg","contentUrl":"https:\/\/s.w.org\/images\/core\/emoji\/13.0.1\/svg\/1f535.svg"},{"@type":"BreadcrumbList","@id":"https:\/\/euscont.com\/blog\/contactanos\/#breadcrumb","itemListElement":[{"@type":"ListItem","position":1,"name":"Portada","item":"https:\/\/euscont.com\/blog\/"},{"@type":"ListItem","position":2,"name":"Cont\u00e1ctanos"}]},{"@type":"WebSite","@id":"https:\/\/euscont.com\/blog\/#website","url":"https:\/\/euscont.com\/blog\/","name":"EUSCONT","description":"Blog Empresarial - Comprometidos con la peque\u00f1a y micro empresa","publisher":{"@id":"https:\/\/euscont.com\/blog\/#organization"},"potentialAction":[{"@type":"SearchAction","target":{"@type":"EntryPoint","urlTemplate":"https:\/\/euscont.com\/blog\/?s={search_term_string}"},"query-input":{"@type":"PropertyValueSpecification","valueRequired":true,"valueName":"search_term_string"}}],"inLanguage":"es"},{"@type":"Organization","@id":"https:\/\/euscont.com\/blog\/#organization","name":"Euscont - Blog Empresarial","url":"https:\/\/euscont.com\/blog\/","logo":{"@type":"ImageObject","inLanguage":"es","@id":"https:\/\/euscont.com\/blog\/#\/schema\/logo\/image\/","url":"https:\/\/euscont.com\/blog\/wp-content\/uploads\/2021\/01\/LOGO-2021.jpg","contentUrl":"https:\/\/euscont.com\/blog\/wp-content\/uploads\/2021\/01\/LOGO-2021.jpg","width":1000,"height":1000,"caption":"Euscont - Blog Empresarial"},"image":{"@id":"https:\/\/euscont.com\/blog\/#\/schema\/logo\/image\/"}}]}},"_links":{"self":[{"href":"https:\/\/euscont.com\/blog\/wp-json\/wp\/v2\/pages\/285","targetHints":{"allow":["GET"]}}],"collection":[{"href":"https:\/\/euscont.com\/blog\/wp-json\/wp\/v2\/pages"}],"about":[{"href":"https:\/\/euscont.com\/blog\/wp-json\/wp\/v2\/types\/page"}],"author":[{"embeddable":true,"href":"https:\/\/euscont.com\/blog\/wp-json\/wp\/v2\/users\/1"}],"replies":[{"embeddable":true,"href":"https:\/\/euscont.com\/blog\/wp-json\/wp\/v2\/comments?post=285"}],"version-history":[{"count":5,"href":"https:\/\/euscont.com\/blog\/wp-json\/wp\/v2\/pages\/285\/revisions"}],"predecessor-version":[{"id":1016,"href":"https:\/\/euscont.com\/blog\/wp-json\/wp\/v2\/pages\/285\/revisions\/1016"}],"wp:attachment":[{"href":"https:\/\/euscont.com\/blog\/wp-json\/wp\/v2\/media?parent=285"}],"curies":[{"name":"wp","href":"https:\/\/api.w.org\/{rel}","templated":true}]}}